{"id":170,"date":"2025-12-10T16:43:50","date_gmt":"2025-12-10T21:43:50","guid":{"rendered":"https:\/\/diariosobreruedas.com\/?page_id=170"},"modified":"2025-12-10T21:19:27","modified_gmt":"2025-12-11T02:19:27","slug":"quien-soy-2","status":"publish","type":"page","link":"https:\/\/diariosobreruedas.com\/","title":{"rendered":"\u00bfQui\u00e9n Soy?"},"content":{"rendered":"\n<blockquote class=\"wp-block-quote has-text-align-right is-style-default is-layout-flow wp-block-quote-is-layout-flow\">\n<p class=\"has-text-align-right\">&#8220;Se puede simplemente no estar muerto sin tampoco estar vivo&#8221;<\/p>\n<cite>\u2014 Caballo Salvaje<\/cite><\/blockquote>\n\n\n\n<div class=\"wp-block-columns are-vertically-aligned-center is-layout-flex wp-container-core-columns-is-layout-9d6595d7 wp-block-columns-is-layout-flex\">\n<div class=\"wp-block-column is-vertically-aligned-center is-layout-flow wp-block-column-is-layout-flow\">\n<p>Mi nombre es Jacobo y no me pude resistir a la tentaci\u00f3n de crear este sitio web para compartir contigo mi experiencia haciendo lo que m\u00e1s me apasiona: explorar este planeta y hacerlo en motocicleta.<\/p>\n<\/div>\n\n\n\n<div class=\"wp-block-column is-vertically-aligned-center is-layout-flow wp-block-column-is-layout-flow\">\n<figure class=\"wp-block-image size-medium\"><img fetchpriority=\"high\" decoding=\"async\" width=\"300\" height=\"169\" src=\"https:\/\/diariosobreruedas.com\/wp-content\/uploads\/2025\/12\/about_me_4_c-edited-300x169.jpg\" alt=\"\" class=\"wp-image-152\" srcset=\"https:\/\/diariosobreruedas.com\/wp-content\/uploads\/2025\/12\/about_me_4_c-edited-300x169.jpg 300w, https:\/\/diariosobreruedas.com\/wp-content\/uploads\/2025\/12\/about_me_4_c-edited-1024x576.jpg 1024w, https:\/\/diariosobreruedas.com\/wp-content\/uploads\/2025\/12\/about_me_4_c-edited-768x432.jpg 768w, https:\/\/diariosobreruedas.com\/wp-content\/uploads\/2025\/12\/about_me_4_c-edited-1536x864.jpg 1536w, https:\/\/diariosobreruedas.com\/wp-content\/uploads\/2025\/12\/about_me_4_c-edited-2048x1152.jpg 2048w, https:\/\/diariosobreruedas.com\/wp-content\/uploads\/2025\/12\/about_me_4_c-edited-600x338.jpg 600w, https:\/\/diariosobreruedas.com\/wp-content\/uploads\/2025\/12\/about_me_4_c-edited-1200x675.jpg 1200w\" sizes=\"(max-width: 300px) 100vw, 300px\" \/><\/figure>\n<\/div>\n<\/div>\n\n\n\n<p>Lejos estoy de ser un <a href=\"https:\/\/www.sinewan.com\/\" data-type=\"URL\" data-id=\"https:\/\/www.sinewan.com\/\">Charly Sinewan<\/a>, <a href=\"https:\/\/www.itchyboots.com\/\" data-type=\"URL\" data-id=\"https:\/\/www.itchyboots.com\/\">Itchy Boots<\/a> o <a href=\"https:\/\/soytribu.es\/\" data-type=\"URL\" data-id=\"https:\/\/soytribu.es\/\">Soy Tribu.<\/a> De ellos solo puedo decir que su coraje y experiencia de vida (y sus ganas de compartirlo) han sido una fuente de inspiraci\u00f3n inagotable que me permiti\u00f3 descubrir (tristemente para m\u00ed) que \u201c<strong><strong>se puede simplemente no estar muerto sin estar tampoco vivo<\/strong><em><strong><em>\u201d<\/em><\/strong><\/em><\/strong><em>.<\/em><\/p>\n\n\n\n<div class=\"wp-block-columns are-vertically-aligned-center is-layout-flex wp-container-core-columns-is-layout-9d6595d7 wp-block-columns-is-layout-flex\">\n<div class=\"wp-block-column is-vertically-aligned-center is-layout-flow wp-block-column-is-layout-flow\">\n<figure class=\"wp-block-image size-large\"><img decoding=\"async\" width=\"1024\" height=\"768\" src=\"https:\/\/diariosobreruedas.com\/wp-content\/uploads\/2025\/12\/about_me_1_c-1024x768.jpg\" alt=\"\" class=\"wp-image-106\" srcset=\"https:\/\/diariosobreruedas.com\/wp-content\/uploads\/2025\/12\/about_me_1_c-1024x768.jpg 1024w, https:\/\/diariosobreruedas.com\/wp-content\/uploads\/2025\/12\/about_me_1_c-300x225.jpg 300w, https:\/\/diariosobreruedas.com\/wp-content\/uploads\/2025\/12\/about_me_1_c-768x576.jpg 768w, https:\/\/diariosobreruedas.com\/wp-content\/uploads\/2025\/12\/about_me_1_c-1536x1152.jpg 1536w, https:\/\/diariosobreruedas.com\/wp-content\/uploads\/2025\/12\/about_me_1_c-2048x1536.jpg 2048w, https:\/\/diariosobreruedas.com\/wp-content\/uploads\/2025\/12\/about_me_1_c-600x450.jpg 600w, https:\/\/diariosobreruedas.com\/wp-content\/uploads\/2025\/12\/about_me_1_c-1200x900.jpg 1200w\" sizes=\"(max-width: 706px) 89vw, (max-width: 767px) 82vw, 740px\" \/><\/figure>\n<\/div>\n\n\n\n<div class=\"wp-block-column is-vertically-aligned-center is-layout-flow wp-block-column-is-layout-flow\">\n<p>Por fortuna, no todo est\u00e1 dicho. Es por eso que quisiera compartir contigo mi experiencia en cada uno de mis viajes para darle sentido a mi ef\u00edmera existencia de la mejor forma en que s\u00e9 hacerlo: &nbsp;en movimiento.<\/p>\n<\/div>\n<\/div>\n\n\n\n<p><\/p>\n","protected":false},"excerpt":{"rendered":"<p>&#8220;Se puede simplemente no estar muerto sin tampoco estar vivo&#8221; \u2014 Caballo Salvaje Mi nombre es Jacobo y no me pude resistir a la tentaci\u00f3n de crear este sitio web para compartir contigo mi experiencia haciendo lo que m\u00e1s me apasiona: explorar este planeta y hacerlo en motocicleta. Lejos estoy de ser un Charly Sinewan, &hellip; <\/p>\n<p class=\"link-more\"><a href=\"https:\/\/diariosobreruedas.com\/\" class=\"more-link\">Continue reading<span class=\"screen-reader-text\"> &#8220;\u00bfQui\u00e9n Soy?&#8221;<\/span><\/a><\/p>\n","protected":false},"author":2,"featured_media":91,"parent":0,"menu_order":0,"comment_status":"closed","ping_status":"closed","template":"","meta":{"footnotes":""},"class_list":["post-170","page","type-page","status-publish","has-post-thumbnail","hentry"],"featured_media_urls":{"thumbnail":["https:\/\/diariosobreruedas.com\/wp-content\/uploads\/2025\/12\/header_1-150x150.jpg",150,150,true],"medium":["https:\/\/diariosobreruedas.com\/wp-content\/uploads\/2025\/12\/header_1-300x225.jpg",300,225,true],"medium_large":["https:\/\/diariosobreruedas.com\/wp-content\/uploads\/2025\/12\/header_1-768x576.jpg",525,394,true],"large":["https:\/\/diariosobreruedas.com\/wp-content\/uploads\/2025\/12\/header_1-1024x768.jpg",525,394,true],"1536x1536":["https:\/\/diariosobreruedas.com\/wp-content\/uploads\/2025\/12\/header_1-1536x1152.jpg",1536,1152,true],"2048x2048":["https:\/\/diariosobreruedas.com\/wp-content\/uploads\/2025\/12\/header_1-2048x1536.jpg",2048,1536,true],"twentyseventeen-featured-image":["https:\/\/diariosobreruedas.com\/wp-content\/uploads\/2025\/12\/header_1-2000x1200.jpg",2000,1200,true],"twentyseventeen-thumbnail-avatar":["https:\/\/diariosobreruedas.com\/wp-content\/uploads\/2025\/12\/header_1-100x100.jpg",100,100,true],"portfolio_item-thumbnail":["https:\/\/diariosobreruedas.com\/wp-content\/uploads\/2025\/12\/header_1-600x400.jpg",600,400,true],"portfolio_item-thumbnail@2x":["https:\/\/diariosobreruedas.com\/wp-content\/uploads\/2025\/12\/header_1-1200x800.jpg",1200,800,true],"portfolio_item-masonry":["https:\/\/diariosobreruedas.com\/wp-content\/uploads\/2025\/12\/header_1-600x450.jpg",600,450,true],"portfolio_item-masonry@2x":["https:\/\/diariosobreruedas.com\/wp-content\/uploads\/2025\/12\/header_1-1200x900.jpg",1200,900,true],"portfolio_item-thumbnail_cinema":["https:\/\/diariosobreruedas.com\/wp-content\/uploads\/2025\/12\/header_1-800x335.jpg",800,335,true],"portfolio_item-thumbnail_portrait":["https:\/\/diariosobreruedas.com\/wp-content\/uploads\/2025\/12\/header_1-600x900.jpg",600,900,true],"portfolio_item-thumbnail_portrait@2x":["https:\/\/diariosobreruedas.com\/wp-content\/uploads\/2025\/12\/header_1-1200x1800.jpg",1200,1800,true],"portfolio_item-thumbnail_square":["https:\/\/diariosobreruedas.com\/wp-content\/uploads\/2025\/12\/header_1-800x800.jpg",800,800,true]},"_links":{"self":[{"href":"https:\/\/diariosobreruedas.com\/index.php?rest_route=\/wp\/v2\/pages\/170","targetHints":{"allow":["GET"]}}],"collection":[{"href":"https:\/\/diariosobreruedas.com\/index.php?rest_route=\/wp\/v2\/pages"}],"about":[{"href":"https:\/\/diariosobreruedas.com\/index.php?rest_route=\/wp\/v2\/types\/page"}],"author":[{"embeddable":true,"href":"https:\/\/diariosobreruedas.com\/index.php?rest_route=\/wp\/v2\/users\/2"}],"replies":[{"embeddable":true,"href":"https:\/\/diariosobreruedas.com\/index.php?rest_route=%2Fwp%2Fv2%2Fcomments&post=170"}],"version-history":[{"count":2,"href":"https:\/\/diariosobreruedas.com\/index.php?rest_route=\/wp\/v2\/pages\/170\/revisions"}],"predecessor-version":[{"id":184,"href":"https:\/\/diariosobreruedas.com\/index.php?rest_route=\/wp\/v2\/pages\/170\/revisions\/184"}],"wp:featuredmedia":[{"embeddable":true,"href":"https:\/\/diariosobreruedas.com\/index.php?rest_route=\/wp\/v2\/media\/91"}],"wp:attachment":[{"href":"https:\/\/diariosobreruedas.com\/index.php?rest_route=%2Fwp%2Fv2%2Fmedia&parent=170"}],"curies":[{"name":"wp","href":"https:\/\/api.w.org\/{rel}","templated":true}]}}